{"id":3769,"date":"2024-05-06T18:06:04","date_gmt":"2024-05-06T16:06:04","guid":{"rendered":"https:\/\/alifc.org\/?page_id=3769"},"modified":"2024-05-06T19:52:25","modified_gmt":"2024-05-06T17:52:25","slug":"seminario-2024","status":"publish","type":"page","link":"https:\/\/alifc.org\/?page_id=3769","title":{"rendered":"seminario 2024"},"content":{"rendered":"\t\t<div data-elementor-type=\"wp-page\" data-elementor-id=\"3769\" class=\"elementor elementor-3769\">\n\t\t\t\t<div class=\"elementor-element elementor-element-9666acc e-con-full e-flex e-con e-parent\" data-id=\"9666acc\" data-element_type=\"container\">\n\t\t\t\t<div class=\"elementor-element elementor-element-5e4e9a9 elementor-widget__width-inherit elementor-arrows-position-inside elementor-pagination-position-outside elementor-widget elementor-widget-image-carousel\" data-id=\"5e4e9a9\" data-element_type=\"widget\" data-settings=\"{&quot;slides_to_show&quot;:&quot;1&quot;,&quot;navigation&quot;:&quot;both&quot;,&quot;autoplay&quot;:&quot;yes&quot;,&quot;pause_on_hover&quot;:&quot;yes&quot;,&quot;pause_on_interaction&quot;:&quot;yes&quot;,&quot;autoplay_speed&quot;:5000,&quot;infinite&quot;:&quot;yes&quot;,&quot;effect&quot;:&quot;slide&quot;,&quot;speed&quot;:500}\" data-widget_type=\"image-carousel.default\">\n\t\t\t\t<div class=\"elementor-widget-container\">\n\t\t\t\t\t\t\t<div class=\"elementor-image-carousel-wrapper swiper\" role=\"region\" aria-roledescription=\"carousel\" aria-label=\"Image Carousel\" dir=\"ltr\">\n\t\t\t<div class=\"elementor-image-carousel swiper-wrapper swiper-image-stretch\" aria-live=\"off\">\n\t\t\t\t\t\t\t\t<div class=\"swiper-slide\" role=\"group\" aria-roledescription=\"slide\" aria-label=\"1 of 5\"><figure class=\"swiper-slide-inner\"><img decoding=\"async\" class=\"swiper-slide-image\" src=\"https:\/\/alifc.org\/wp-content\/uploads\/2024\/05\/Screenshot-2024-05-06-at-12-08-02-INVESTIGADORES-DE-FRAUDES-ALIFC-en-Instagram-SEMINARIO-INTERAMERICANO-DE-INVESTIGACION-DE-DELITOS-FINANCIEROS-2024-SIIDF-2024.png\" alt=\"Screenshot 2024-05-06 at 12-08-02 INVESTIGADORES DE FRAUDES ALIFC en Instagram SEMINARIO INTERAMERICANO DE INVESTIGACI\u00d3N DE DELITOS FINANCIEROS 2024 (SIIDF-2024)\" \/><\/figure><\/div><div class=\"swiper-slide\" role=\"group\" aria-roledescription=\"slide\" aria-label=\"2 of 5\"><figure class=\"swiper-slide-inner\"><img decoding=\"async\" class=\"swiper-slide-image\" src=\"https:\/\/alifc.org\/wp-content\/uploads\/2024\/05\/Screenshot-2024-05-06-at-12-08-23-INVESTIGADORES-DE-FRAUDES-ALIFC-en-Instagram-SEMINARIO-INTERAMERICANO-DE-INVESTIGACION-DE-DELITOS-FINANCIEROS-2024-SIIDF-2024.png\" alt=\"Screenshot 2024-05-06 at 12-08-23 INVESTIGADORES DE FRAUDES ALIFC en Instagram SEMINARIO INTERAMERICANO DE INVESTIGACI\u00d3N DE DELITOS FINANCIEROS 2024 (SIIDF-2024)\" \/><\/figure><\/div><div class=\"swiper-slide\" role=\"group\" aria-roledescription=\"slide\" aria-label=\"3 of 5\"><figure class=\"swiper-slide-inner\"><img decoding=\"async\" class=\"swiper-slide-image\" src=\"https:\/\/alifc.org\/wp-content\/uploads\/2024\/05\/Screenshot-2024-05-06-at-12-08-30-INVESTIGADORES-DE-FRAUDES-ALIFC-en-Instagram-SEMINARIO-INTERAMERICANO-DE-INVESTIGACION-DE-DELITOS-FINANCIEROS-2024-SIIDF-2024.png\" alt=\"Screenshot 2024-05-06 at 12-08-30 INVESTIGADORES DE FRAUDES ALIFC en Instagram SEMINARIO INTERAMERICANO DE INVESTIGACI\u00d3N DE DELITOS FINANCIEROS 2024 (SIIDF-2024)\" \/><\/figure><\/div><div class=\"swiper-slide\" role=\"group\" aria-roledescription=\"slide\" aria-label=\"4 of 5\"><figure class=\"swiper-slide-inner\"><img decoding=\"async\" class=\"swiper-slide-image\" src=\"https:\/\/alifc.org\/wp-content\/uploads\/2024\/05\/Screenshot-2024-05-06-at-12-08-36-INVESTIGADORES-DE-FRAUDES-ALIFC-en-Instagram-SEMINARIO-INTERAMERICANO-DE-INVESTIGACION-DE-DELITOS-FINANCIEROS-2024-SIIDF-2024.png\" alt=\"Screenshot 2024-05-06 at 12-08-36 INVESTIGADORES DE FRAUDES ALIFC en Instagram SEMINARIO INTERAMERICANO DE INVESTIGACI\u00d3N DE DELITOS FINANCIEROS 2024 (SIIDF-2024)\" \/><\/figure><\/div><div class=\"swiper-slide\" role=\"group\" aria-roledescription=\"slide\" aria-label=\"5 of 5\"><figure class=\"swiper-slide-inner\"><img decoding=\"async\" class=\"swiper-slide-image\" src=\"https:\/\/alifc.org\/wp-content\/uploads\/2024\/05\/Screenshot-2024-05-06-at-12-08-44-INVESTIGADORES-DE-FRAUDES-ALIFC-en-Instagram-SEMINARIO-INTERAMERICANO-DE-INVESTIGACION-DE-DELITOS-FINANCIEROS-2024-SIIDF-2024.png\" alt=\"Screenshot 2024-05-06 at 12-08-44 INVESTIGADORES DE FRAUDES ALIFC en Instagram SEMINARIO INTERAMERICANO DE INVESTIGACI\u00d3N DE DELITOS FINANCIEROS 2024 (SIIDF-2024)\" \/><\/figure><\/div>\t\t\t<\/div>\n\t\t\t\t\t\t\t\t\t\t\t\t<div class=\"elementor-swiper-button elementor-swiper-button-prev\" role=\"button\" tabindex=\"0\">\n\t\t\t\t\t\t<svg aria-hidden=\"true\" class=\"e-font-icon-svg e-eicon-chevron-left\" viewBox=\"0 0 1000 1000\" xmlns=\"http:\/\/www.w3.org\/2000\/svg\"><path d=\"M646 125C629 125 613 133 604 142L308 442C296 454 292 471 292 487 292 504 296 521 308 533L604 854C617 867 629 875 646 875 663 875 679 871 692 858 704 846 713 829 713 812 713 796 708 779 692 767L438 487 692 225C700 217 708 204 708 187 708 171 704 154 692 142 675 129 663 125 646 125Z\"><\/path><\/svg>\t\t\t\t\t<\/div>\n\t\t\t\t\t<div class=\"elementor-swiper-button elementor-swiper-button-next\" role=\"button\" tabindex=\"0\">\n\t\t\t\t\t\t<svg aria-hidden=\"true\" class=\"e-font-icon-svg e-eicon-chevron-right\" viewBox=\"0 0 1000 1000\" xmlns=\"http:\/\/www.w3.org\/2000\/svg\"><path d=\"M696 533C708 521 713 504 713 487 713 471 708 454 696 446L400 146C388 133 375 125 354 125 338 125 325 129 313 142 300 154 292 171 292 187 292 204 296 221 308 233L563 492 304 771C292 783 288 800 288 817 288 833 296 850 308 863 321 871 338 875 354 875 371 875 388 867 400 854L696 533Z\"><\/path><\/svg>\t\t\t\t\t<\/div>\n\t\t\t\t\n\t\t\t\t\t\t\t\t\t<div class=\"swiper-pagination\"><\/div>\n\t\t\t\t\t\t\t\t\t<\/div>\n\t\t\t\t\t\t<\/div>\n\t\t\t\t<\/div>\n\t\t\t\t<\/div>\n\t\t<div class=\"elementor-element elementor-element-5a830eb e-flex e-con-boxed e-con e-parent\" data-id=\"5a830eb\" data-element_type=\"container\">\n\t\t\t\t\t<div class=\"e-con-inner\">\n\t\t\t\t<div class=\"elementor-element elementor-element-4f958c1 elementor-widget elementor-widget-heading\" data-id=\"4f958c1\" data-element_type=\"widget\" data-widget_type=\"heading.default\">\n\t\t\t\t<div class=\"elementor-widget-container\">\n\t\t\t\t\t<h2 class=\"elementor-heading-title elementor-size-default\">SEMINARIO INTERAMERICANO DE INVESTIGACION DE DELITOS FINANCIEROS 2024. (SIIDF-2024).<\/h2>\t\t\t\t<\/div>\n\t\t\t\t<\/div>\n\t\t\t\t\t<\/div>\n\t\t\t\t<\/div>\n\t\t<div class=\"elementor-element elementor-element-ac2e63a e-flex e-con-boxed e-con e-parent\" data-id=\"ac2e63a\" data-element_type=\"container\">\n\t\t\t\t\t<div class=\"e-con-inner\">\n\t\t<div class=\"elementor-element elementor-element-81d5067 e-con-full e-flex e-con e-child\" data-id=\"81d5067\" data-element_type=\"container\">\n\t\t\t\t<div class=\"elementor-element elementor-element-70df8b9 elementor-widget elementor-widget-text-editor\" data-id=\"70df8b9\" data-element_type=\"widget\" data-widget_type=\"text-editor.default\">\n\t\t\t\t<div class=\"elementor-widget-container\">\n\t\t\t\t\t\t\t\t\t<p>La Asociaci\u00f3n Latinoamericana de Investigadores de Fraudes y Cr\u00edmenes Financiero, (ALIFC), llev\u00f3 a cabo el Seminario Interamericano de Investigaci\u00f3n de Delitos Financieros 2024, los d\u00edas del 18 al 21 de abril del presente a\u00f1o 2024, celebrado en Punta Cana, bajo el lema <strong>\u00a8Coordinando Acciones Inteligentes en la Investigaci\u00f3n de los Delitos Financieros\u00a8.<\/strong><\/p><p>El Seminario, abord\u00f3 los temas de Integraci\u00f3n de Tecnolog\u00edas Avanzadas, Estrategias para superar desaf\u00edos, Adaptaci\u00f3n de las Tecnolog\u00edas, Mecanismos de Control y Fiscalizaci\u00f3n.\u00a0\u00a0<\/p><p>Se abordaron estrategias para superar grandes desaf\u00edos como la complejidad de los entornos financieros, la falta de coordinaci\u00f3n entre agencias, la adaptaci\u00f3n a la evoluci\u00f3n de las tecnolog\u00edas delictivas y la necesidad de una capacitaci\u00f3n especializada para la investigaciones financieras, por igual se resalt\u00f3\u00a0 la importancia de la colaboraci\u00f3n del sector publico y privado, asi como el papel perentorio de la educaci\u00f3n y la concientizaci\u00f3n publica en la prevenci\u00f3n y detecci\u00f3n temprana de los delitos financieros.<\/p>\t\t\t\t\t\t\t\t<\/div>\n\t\t\t\t<\/div>\n\t\t\t\t<div class=\"elementor-element elementor-element-b72091f elementor-widget elementor-widget-image\" data-id=\"b72091f\" data-element_type=\"widget\" data-widget_type=\"image.default\">\n\t\t\t\t<div class=\"elementor-widget-container\">\n\t\t\t\t\t\t\t\t\t\t\t\t\t\t\t<img decoding=\"async\" width=\"300\" height=\"116\" src=\"https:\/\/alifc.org\/wp-content\/uploads\/2024\/02\/Screenshot_10-removebg-preview-e1707492662126-300x116.png\" class=\"attachment-medium size-medium wp-image-3580\" alt=\"\" srcset=\"https:\/\/alifc.org\/wp-content\/uploads\/2024\/02\/Screenshot_10-removebg-preview-e1707492662126-300x116.png 300w, https:\/\/alifc.org\/wp-content\/uploads\/2024\/02\/Screenshot_10-removebg-preview-e1707492662126.png 504w\" sizes=\"(max-width: 300px) 100vw, 300px\" \/>\t\t\t\t\t\t\t\t\t\t\t\t\t\t\t<\/div>\n\t\t\t\t<\/div>\n\t\t\t\t<\/div>\n\t\t<div class=\"elementor-element elementor-element-fcbc572 e-con-full e-flex e-con e-child\" data-id=\"fcbc572\" data-element_type=\"container\">\n\t\t\t\t<div class=\"elementor-element elementor-element-aa95283 elementor-widget elementor-widget-image\" data-id=\"aa95283\" data-element_type=\"widget\" data-widget_type=\"image.default\">\n\t\t\t\t<div class=\"elementor-widget-container\">\n\t\t\t\t\t\t\t\t\t\t\t\t\t\t\t<img fetchpriority=\"high\" decoding=\"async\" width=\"599\" height=\"599\" src=\"https:\/\/alifc.org\/wp-content\/uploads\/2024\/05\/Screenshot-2024-05-06-at-12-08-02-INVESTIGADORES-DE-FRAUDES-ALIFC-en-Instagram-SEMINARIO-INTERAMERICANO-DE-INVESTIGACION-DE-DELITOS-FINANCIEROS-2024-SIIDF-2024.png\" class=\"attachment-large size-large wp-image-3777\" alt=\"\" srcset=\"https:\/\/alifc.org\/wp-content\/uploads\/2024\/05\/Screenshot-2024-05-06-at-12-08-02-INVESTIGADORES-DE-FRAUDES-ALIFC-en-Instagram-SEMINARIO-INTERAMERICANO-DE-INVESTIGACION-DE-DELITOS-FINANCIEROS-2024-SIIDF-2024.png 599w, https:\/\/alifc.org\/wp-content\/uploads\/2024\/05\/Screenshot-2024-05-06-at-12-08-02-INVESTIGADORES-DE-FRAUDES-ALIFC-en-Instagram-SEMINARIO-INTERAMERICANO-DE-INVESTIGACION-DE-DELITOS-FINANCIEROS-2024-SIIDF-2024-300x300.png 300w, https:\/\/alifc.org\/wp-content\/uploads\/2024\/05\/Screenshot-2024-05-06-at-12-08-02-INVESTIGADORES-DE-FRAUDES-ALIFC-en-Instagram-SEMINARIO-INTERAMERICANO-DE-INVESTIGACION-DE-DELITOS-FINANCIEROS-2024-SIIDF-2024-150x150.png 150w, https:\/\/alifc.org\/wp-content\/uploads\/2024\/05\/Screenshot-2024-05-06-at-12-08-02-INVESTIGADORES-DE-FRAUDES-ALIFC-en-Instagram-SEMINARIO-INTERAMERICANO-DE-INVESTIGACION-DE-DELITOS-FINANCIEROS-2024-SIIDF-2024-100x100.png 100w\" sizes=\"(max-width: 599px) 100vw, 599px\" \/>\t\t\t\t\t\t\t\t\t\t\t\t\t\t\t<\/div>\n\t\t\t\t<\/div>\n\t\t\t\t<\/div>\n\t\t<div class=\"elementor-element elementor-element-4533b50 e-con-full e-flex e-con e-child\" data-id=\"4533b50\" data-element_type=\"container\">\n\t\t\t\t<div class=\"elementor-element elementor-element-c286e95 elementor-widget elementor-widget-text-editor\" data-id=\"c286e95\" data-element_type=\"widget\" data-widget_type=\"text-editor.default\">\n\t\t\t\t<div class=\"elementor-widget-container\">\n\t\t\t\t\t\t\t\t\t<p>Los temas a tratados en el Seminario Interamericano de Investigaci\u00f3n de Delitos Financieros, fueron tocados por Especialistas Internacionales, los cuales poseen vastas experiencias sobre los mismos. Los temas fueron los siguientes:<\/p>\t\t\t\t\t\t\t\t<\/div>\n\t\t\t\t<\/div>\n\t\t\t\t<\/div>\n\t\t\t\t\t<\/div>\n\t\t\t\t<\/div>\n\t\t<div class=\"elementor-element elementor-element-abba260 e-flex e-con-boxed e-con e-parent\" data-id=\"abba260\" data-element_type=\"container\">\n\t\t\t\t\t<div class=\"e-con-inner\">\n\t\t<div class=\"elementor-element elementor-element-5af5294 e-con-full e-flex e-con e-child\" data-id=\"5af5294\" data-element_type=\"container\">\n\t\t\t\t<div class=\"elementor-element elementor-element-7e02a76 elementor-icon-list--layout-traditional elementor-list-item-link-full_width elementor-widget elementor-widget-icon-list\" data-id=\"7e02a76\" data-element_type=\"widget\" data-widget_type=\"icon-list.default\">\n\t\t\t\t<div class=\"elementor-widget-container\">\n\t\t\t\t\t\t\t<ul class=\"elementor-icon-list-items\">\n\t\t\t\t\t\t\t<li class=\"elementor-icon-list-item\">\n\t\t\t\t\t\t\t\t\t\t\t<span class=\"elementor-icon-list-icon\">\n\t\t\t\t\t\t\t<svg aria-hidden=\"true\" class=\"e-font-icon-svg e-fas-user\" viewBox=\"0 0 448 512\" xmlns=\"http:\/\/www.w3.org\/2000\/svg\"><path d=\"M224 256c70.7 0 128-57.3 128-128S294.7 0 224 0 96 57.3 96 128s57.3 128 128 128zm89.6 32h-16.7c-22.2 10.2-46.9 16-72.9 16s-50.6-5.8-72.9-16h-16.7C60.2 288 0 348.2 0 422.4V464c0 26.5 21.5 48 48 48h352c26.5 0 48-21.5 48-48v-41.6c0-74.2-60.2-134.4-134.4-134.4z\"><\/path><\/svg>\t\t\t\t\t\t<\/span>\n\t\t\t\t\t\t\t\t\t\t<span class=\"elementor-icon-list-text\">Repensando Mecanismos de Control y Fiscalizaci\u00f3n en Contrataci\u00f3n Publico: Cerrando brechas a la corrupci\u00f3n gubernamental. Este tema fue expuesto por el se\u00f1or Carlos Pimentel, Director General de Contrataciones Publica. Rep\u00fablica Dominicana.<\/span>\n\t\t\t\t\t\t\t\t\t<\/li>\n\t\t\t\t\t\t\t\t<li class=\"elementor-icon-list-item\">\n\t\t\t\t\t\t\t\t\t\t\t<span class=\"elementor-icon-list-icon\">\n\t\t\t\t\t\t\t<svg aria-hidden=\"true\" class=\"e-font-icon-svg e-fas-user-ninja\" viewBox=\"0 0 448 512\" xmlns=\"http:\/\/www.w3.org\/2000\/svg\"><path d=\"M325.4 289.2L224 390.6 122.6 289.2C54 295.3 0 352.2 0 422.4V464c0 26.5 21.5 48 48 48h352c26.5 0 48-21.5 48-48v-41.6c0-70.2-54-127.1-122.6-133.2zM32 192c27.3 0 51.8-11.5 69.2-29.7 15.1 53.9 64 93.7 122.8 93.7 70.7 0 128-57.3 128-128S294.7 0 224 0c-50.4 0-93.6 29.4-114.5 71.8C92.1 47.8 64 32 32 32c0 33.4 17.1 62.8 43.1 80-26 17.2-43.1 46.6-43.1 80zm144-96h96c17.7 0 32 14.3 32 32H144c0-17.7 14.3-32 32-32z\"><\/path><\/svg>\t\t\t\t\t\t<\/span>\n\t\t\t\t\t\t\t\t\t\t<span class=\"elementor-icon-list-text\">Perspectiva actuales en la lucha contra delitos financieros: Extrayendo el laberinto de transacciones il\u00edcitas mediante la auditoria forense antifraude. Este tema fue expuesto por el experto en auditoria forense antifraude Luis Fernando Garc\u00eda Caicedo. Rep\u00fablica de Colombia<\/span>\n\t\t\t\t\t\t\t\t\t<\/li>\n\t\t\t\t\t\t\t\t<li class=\"elementor-icon-list-item\">\n\t\t\t\t\t\t\t\t\t\t\t<span class=\"elementor-icon-list-icon\">\n\t\t\t\t\t\t\t<svg aria-hidden=\"true\" class=\"e-font-icon-svg e-fas-comment-dollar\" viewBox=\"0 0 512 512\" xmlns=\"http:\/\/www.w3.org\/2000\/svg\"><path d=\"M256 32C114.62 32 0 125.12 0 240c0 49.56 21.41 95.01 57.02 130.74C44.46 421.05 2.7 465.97 2.2 466.5A7.995 7.995 0 0 0 8 480c66.26 0 115.99-31.75 140.6-51.38C181.29 440.93 217.59 448 256 448c141.38 0 256-93.12 256-208S397.38 32 256 32zm24 302.44V352c0 8.84-7.16 16-16 16h-16c-8.84 0-16-7.16-16-16v-17.73c-11.42-1.35-22.28-5.19-31.78-11.46-6.22-4.11-6.82-13.11-1.55-18.38l17.52-17.52c3.74-3.74 9.31-4.24 14.11-2.03 3.18 1.46 6.66 2.22 10.26 2.22h32.78c4.66 0 8.44-3.78 8.44-8.42 0-3.75-2.52-7.08-6.12-8.11l-50.07-14.3c-22.25-6.35-40.01-24.71-42.91-47.67-4.05-32.07 19.03-59.43 49.32-63.05V128c0-8.84 7.16-16 16-16h16c8.84 0 16 7.16 16 16v17.73c11.42 1.35 22.28 5.19 31.78 11.46 6.22 4.11 6.82 13.11 1.55 18.38l-17.52 17.52c-3.74 3.74-9.31 4.24-14.11 2.03a24.516 24.516 0 0 0-10.26-2.22h-32.78c-4.66 0-8.44 3.78-8.44 8.42 0 3.75 2.52 7.08 6.12 8.11l50.07 14.3c22.25 6.36 40.01 24.71 42.91 47.67 4.05 32.06-19.03 59.42-49.32 63.04z\"><\/path><\/svg>\t\t\t\t\t\t<\/span>\n\t\t\t\t\t\t\t\t\t\t<span class=\"elementor-icon-list-text\">Transformaci\u00f3n e innovaci\u00f3n digital en la lucha contra el lavado de dinero: El Rol de la Inteligencia artificial, Blockchain y el an\u00e1lisis de Big Data. Este tema fue expuesto por el Especialista Jean Carlos Bardot, Gerente Divisi\u00f3n Seguridad de la Informaci\u00f3n del Banco Popular Dominicano. Rep\u00fablica de Venezuela.<\/span>\n\t\t\t\t\t\t\t\t\t<\/li>\n\t\t\t\t\t\t\t\t<li class=\"elementor-icon-list-item\">\n\t\t\t\t\t\t\t\t\t\t\t<span class=\"elementor-icon-list-icon\">\n\t\t\t\t\t\t\t<svg aria-hidden=\"true\" class=\"e-font-icon-svg e-fas-user-shield\" viewBox=\"0 0 640 512\" xmlns=\"http:\/\/www.w3.org\/2000\/svg\"><path d=\"M622.3 271.1l-115.2-45c-4.1-1.6-12.6-3.7-22.2 0l-115.2 45c-10.7 4.2-17.7 14-17.7 24.9 0 111.6 68.7 188.8 132.9 213.9 9.6 3.7 18 1.6 22.2 0C558.4 489.9 640 420.5 640 296c0-10.9-7-20.7-17.7-24.9zM496 462.4V273.3l95.5 37.3c-5.6 87.1-60.9 135.4-95.5 151.8zM224 256c70.7 0 128-57.3 128-128S294.7 0 224 0 96 57.3 96 128s57.3 128 128 128zm96 40c0-2.5.8-4.8 1.1-7.2-2.5-.1-4.9-.8-7.5-.8h-16.7c-22.2 10.2-46.9 16-72.9 16s-50.6-5.8-72.9-16h-16.7C60.2 288 0 348.2 0 422.4V464c0 26.5 21.5 48 48 48h352c6.8 0 13.3-1.5 19.2-4-54-42.9-99.2-116.7-99.2-212z\"><\/path><\/svg>\t\t\t\t\t\t<\/span>\n\t\t\t\t\t\t\t\t\t\t<span class=\"elementor-icon-list-text\">Banca del Futuro: Ciberseguridad y la Lucha contra Delitos Financieros. Este tema ser\u00e1 abordado por el Experto en Seguridad, Cesar Novo, Subcontralor de Sistema del Banco Central de la Republica Dominicana. Republica Dominicana<\/span>\n\t\t\t\t\t\t\t\t\t<\/li>\n\t\t\t\t\t\t<\/ul>\n\t\t\t\t\t\t<\/div>\n\t\t\t\t<\/div>\n\t\t\t\t<\/div>\n\t\t<div class=\"elementor-element elementor-element-a24b4dc e-con-full e-flex e-con e-child\" data-id=\"a24b4dc\" data-element_type=\"container\">\n\t\t\t\t<div class=\"elementor-element elementor-element-18bb0b2 elementor-icon-list--layout-traditional elementor-list-item-link-full_width elementor-widget elementor-widget-icon-list\" data-id=\"18bb0b2\" data-element_type=\"widget\" data-widget_type=\"icon-list.default\">\n\t\t\t\t<div class=\"elementor-widget-container\">\n\t\t\t\t\t\t\t<ul class=\"elementor-icon-list-items\">\n\t\t\t\t\t\t\t<li class=\"elementor-icon-list-item\">\n\t\t\t\t\t\t\t\t\t\t\t<span class=\"elementor-icon-list-icon\">\n\t\t\t\t\t\t\t<svg aria-hidden=\"true\" class=\"e-font-icon-svg e-fas-user-secret\" viewBox=\"0 0 448 512\" xmlns=\"http:\/\/www.w3.org\/2000\/svg\"><path d=\"M383.9 308.3l23.9-62.6c4-10.5-3.7-21.7-15-21.7h-58.5c11-18.9 17.8-40.6 17.8-64v-.3c39.2-7.8 64-19.1 64-31.7 0-13.3-27.3-25.1-70.1-33-9.2-32.8-27-65.8-40.6-82.8-9.5-11.9-25.9-15.6-39.5-8.8l-27.6 13.8c-9 4.5-19.6 4.5-28.6 0L182.1 3.4c-13.6-6.8-30-3.1-39.5 8.8-13.5 17-31.4 50-40.6 82.8-42.7 7.9-70 19.7-70 33 0 12.6 24.8 23.9 64 31.7v.3c0 23.4 6.8 45.1 17.8 64H56.3c-11.5 0-19.2 11.7-14.7 22.3l25.8 60.2C27.3 329.8 0 372.7 0 422.4v44.8C0 491.9 20.1 512 44.8 512h358.4c24.7 0 44.8-20.1 44.8-44.8v-44.8c0-48.4-25.8-90.4-64.1-114.1zM176 480l-41.6-192 49.6 32 24 40-32 120zm96 0l-32-120 24-40 49.6-32L272 480zm41.7-298.5c-3.9 11.9-7 24.6-16.5 33.4-10.1 9.3-48 22.4-64-25-2.8-8.4-15.4-8.4-18.3 0-17 50.2-56 32.4-64 25-9.5-8.8-12.7-21.5-16.5-33.4-.8-2.5-6.3-5.7-6.3-5.8v-10.8c28.3 3.6 61 5.8 96 5.8s67.7-2.1 96-5.8v10.8c-.1.1-5.6 3.2-6.4 5.8z\"><\/path><\/svg>\t\t\t\t\t\t<\/span>\n\t\t\t\t\t\t\t\t\t\t<span class=\"elementor-icon-list-text\">Unidades Antifraude de las Entidades Fiscalizadoras Superiores: Fortaleciendo la Transparencia y Combatiendo la Corrupci\u00f3n Gubernamental. Este tema ser\u00e1 abordado por el se\u00f1or Cesar Thomas Castillo, Director Unidad Antifraude de la Contralor\u00eda General de la Republica. Rep\u00fablica Dominicana.<\/span>\n\t\t\t\t\t\t\t\t\t<\/li>\n\t\t\t\t\t\t\t\t<li class=\"elementor-icon-list-item\">\n\t\t\t\t\t\t\t\t\t\t\t<span class=\"elementor-icon-list-icon\">\n\t\t\t\t\t\t\t<svg aria-hidden=\"true\" class=\"e-font-icon-svg e-fas-microphone-alt\" viewBox=\"0 0 352 512\" xmlns=\"http:\/\/www.w3.org\/2000\/svg\"><path d=\"M336 192h-16c-8.84 0-16 7.16-16 16v48c0 74.8-64.49 134.82-140.79 127.38C96.71 376.89 48 317.11 48 250.3V208c0-8.84-7.16-16-16-16H16c-8.84 0-16 7.16-16 16v40.16c0 89.64 63.97 169.55 152 181.69V464H96c-8.84 0-16 7.16-16 16v16c0 8.84 7.16 16 16 16h160c8.84 0 16-7.16 16-16v-16c0-8.84-7.16-16-16-16h-56v-33.77C285.71 418.47 352 344.9 352 256v-48c0-8.84-7.16-16-16-16zM176 352c53.02 0 96-42.98 96-96h-85.33c-5.89 0-10.67-3.58-10.67-8v-16c0-4.42 4.78-8 10.67-8H272v-32h-85.33c-5.89 0-10.67-3.58-10.67-8v-16c0-4.42 4.78-8 10.67-8H272v-32h-85.33c-5.89 0-10.67-3.58-10.67-8v-16c0-4.42 4.78-8 10.67-8H272c0-53.02-42.98-96-96-96S80 42.98 80 96v160c0 53.02 42.98 96 96 96z\"><\/path><\/svg>\t\t\t\t\t\t<\/span>\n\t\t\t\t\t\t\t\t\t\t<span class=\"elementor-icon-list-text\">Ritmo y Riesgos: Explorando la Intersecci\u00f3n entre la M\u00fasica Urbana y el Lavado de Dinero. Este tema fue abordado por la se\u00f1ora Dulce Luciano, Experta en Prevenci\u00f3n e Investigaci\u00f3n de Lavado de Dinero. Republica Dominicana.<\/span>\n\t\t\t\t\t\t\t\t\t<\/li>\n\t\t\t\t\t\t\t\t<li class=\"elementor-icon-list-item\">\n\t\t\t\t\t\t\t\t\t\t\t<span class=\"elementor-icon-list-icon\">\n\t\t\t\t\t\t\t<svg aria-hidden=\"true\" class=\"e-font-icon-svg e-fas-laptop\" viewBox=\"0 0 640 512\" xmlns=\"http:\/\/www.w3.org\/2000\/svg\"><path d=\"M624 416H381.54c-.74 19.81-14.71 32-32.74 32H288c-18.69 0-33.02-17.47-32.77-32H16c-8.8 0-16 7.2-16 16v16c0 35.2 28.8 64 64 64h512c35.2 0 64-28.8 64-64v-16c0-8.8-7.2-16-16-16zM576 48c0-26.4-21.6-48-48-48H112C85.6 0 64 21.6 64 48v336h512V48zm-64 272H128V64h384v256z\"><\/path><\/svg>\t\t\t\t\t\t<\/span>\n\t\t\t\t\t\t\t\t\t\t<span class=\"elementor-icon-list-text\">Delitos Financieros Electr\u00f3nicos: Riesgos de Redes sociales y medios digitales la protecci\u00f3n de datos. Este tema fue abordado por la se\u00f1ora Rosa Damaris Diaz G\u00f3mez.<\/span>\n\t\t\t\t\t\t\t\t\t<\/li>\n\t\t\t\t\t\t\t\t<li class=\"elementor-icon-list-item\">\n\t\t\t\t\t\t\t\t\t\t\t<span class=\"elementor-icon-list-icon\">\n\t\t\t\t\t\t\t<svg aria-hidden=\"true\" class=\"e-font-icon-svg e-fas-chess\" viewBox=\"0 0 512 512\" xmlns=\"http:\/\/www.w3.org\/2000\/svg\"><path d=\"M74 208H64a16 16 0 0 0-16 16v16a16 16 0 0 0 16 16h15.94A535.78 535.78 0 0 1 64 384h128a535.78 535.78 0 0 1-15.94-128H192a16 16 0 0 0 16-16v-16a16 16 0 0 0-16-16h-10l33.89-90.38a16 16 0 0 0-15-21.62H144V64h24a8 8 0 0 0 8-8V40a8 8 0 0 0-8-8h-24V8a8 8 0 0 0-8-8h-16a8 8 0 0 0-8 8v24H88a8 8 0 0 0-8 8v16a8 8 0 0 0 8 8h24v32H55.09a16 16 0 0 0-15 21.62zm173.16 251.58L224 448v-16a16 16 0 0 0-16-16H48a16 16 0 0 0-16 16v16L8.85 459.58A16 16 0 0 0 0 473.89V496a16 16 0 0 0 16 16h224a16 16 0 0 0 16-16v-22.11a16 16 0 0 0-8.84-14.31zm92.77-157.78l-3.29 82.2h126.72l-3.29-82.21 24.6-20.79A32 32 0 0 0 496 256.54V198a6 6 0 0 0-6-6h-26.38a6 6 0 0 0-6 6v26h-24.71v-26a6 6 0 0 0-6-6H373.1a6 6 0 0 0-6 6v26h-24.71v-26a6 6 0 0 0-6-6H310a6 6 0 0 0-6 6v58.6a32 32 0 0 0 11.36 24.4zM384 304a16 16 0 0 1 32 0v32h-32zm119.16 155.58L480 448v-16a16 16 0 0 0-16-16H336a16 16 0 0 0-16 16v16l-23.15 11.58a16 16 0 0 0-8.85 14.31V496a16 16 0 0 0 16 16h192a16 16 0 0 0 16-16v-22.11a16 16 0 0 0-8.84-14.31z\"><\/path><\/svg>\t\t\t\t\t\t<\/span>\n\t\t\t\t\t\t\t\t\t\t<span class=\"elementor-icon-list-text\">Desaf\u00edos y Estrategias en la Coordinaci\u00f3n de Acciones Inteligentes contra el Fraude y Lavado de Dinero. Este tema fue abordado por el se\u00f1or Cesar Contreras Fajardo. Rep\u00fablica de Panam\u00e1.<\/span>\n\t\t\t\t\t\t\t\t\t<\/li>\n\t\t\t\t\t\t<\/ul>\n\t\t\t\t\t\t<\/div>\n\t\t\t\t<\/div>\n\t\t\t\t<\/div>\n\t\t\t\t\t<\/div>\n\t\t\t\t<\/div>\n\t\t<div class=\"elementor-element elementor-element-d9f0fe0 e-flex e-con-boxed e-con e-parent\" data-id=\"d9f0fe0\" data-element_type=\"container\">\n\t\t\t\t\t<div class=\"e-con-inner\">\n\t\t\t\t<div class=\"elementor-element elementor-element-c21e170 elementor-widget elementor-widget-text-editor\" data-id=\"c21e170\" data-element_type=\"widget\" data-widget_type=\"text-editor.default\">\n\t\t\t\t<div class=\"elementor-widget-container\">\n\t\t\t\t\t\t\t\t\t<p><strong>Los conceptos claves que resumieron el Seminario, fueros los siguientes:<\/strong><\/p><p><strong>Riesgos. Fraudes. Inteligencia. Lavado de activos. Ciberseguridad. Transparencia. Control. Corrupci\u00f3n.<\/strong><\/p><p>\u00a0<\/p><p><strong>El Seminario Interamericano de Investigaci\u00f3n de Delitos Financieros 2024, reuni\u00f3 delegados del sector p\u00fablico y privado, por igual profesionales de distintas cooperativas del pa\u00eds. Los pa\u00edses\u00a0 que estuvieron presentes fueron: Panam\u00e1, Colombia, \u00a0Venezuela, Cuba, Puerto Rico y Rep\u00fablica Dominicana.<\/strong><\/p><p>\u00a0<\/p><p>\u00a0<\/p><p><strong>Placido Mercedes Ortiz.<\/strong><\/p><p><strong>Presidente del Comit\u00e9 Organizador.<\/strong><\/p><p>\u00a0<\/p>\t\t\t\t\t\t\t\t<\/div>\n\t\t\t\t<\/div>\n\t\t\t\t\t<\/div>\n\t\t\t\t<\/div>\n\t\t\t\t<\/div>\n\t\t","protected":false},"excerpt":{"rendered":"<p>SEMINARIO INTERAMERICANO DE INVESTIGACION DE DELITOS FINANCIEROS 2024. (SIIDF-2024). La Asociaci\u00f3n Latinoamericana de Investigadores de Fraudes y Cr\u00edmenes Financiero, (ALIFC), llev\u00f3 a cabo el Seminario Interamericano de Investigaci\u00f3n de Delitos Financieros 2024, los d\u00edas del 18 al 21 de abril del presente a\u00f1o 2024, celebrado en Punta Cana, bajo el lema \u00a8Coordinando Acciones Inteligentes en la Investigaci\u00f3n de los Delitos Financieros\u00a8. El Seminario, abord\u00f3 los temas de Integraci\u00f3n de Tecnolog\u00edas Avanzadas, Estrategias para superar desaf\u00edos, Adaptaci\u00f3n de las Tecnolog\u00edas, Mecanismos [&hellip;]<\/p>\n","protected":false},"author":1,"featured_media":0,"parent":0,"menu_order":0,"comment_status":"closed","ping_status":"closed","template":"","meta":{"footnotes":""},"_links":{"self":[{"href":"https:\/\/alifc.org\/index.php?rest_route=\/wp\/v2\/pages\/3769"}],"collection":[{"href":"https:\/\/alifc.org\/index.php?rest_route=\/wp\/v2\/pages"}],"about":[{"href":"https:\/\/alifc.org\/index.php?rest_route=\/wp\/v2\/types\/page"}],"author":[{"embeddable":true,"href":"https:\/\/alifc.org\/index.php?rest_route=\/wp\/v2\/users\/1"}],"replies":[{"embeddable":true,"href":"https:\/\/alifc.org\/index.php?rest_route=%2Fwp%2Fv2%2Fcomments&post=3769"}],"version-history":[{"count":10,"href":"https:\/\/alifc.org\/index.php?rest_route=\/wp\/v2\/pages\/3769\/revisions"}],"predecessor-version":[{"id":3789,"href":"https:\/\/alifc.org\/index.php?rest_route=\/wp\/v2\/pages\/3769\/revisions\/3789"}],"wp:attachment":[{"href":"https:\/\/alifc.org\/index.php?rest_route=%2Fwp%2Fv2%2Fmedia&parent=3769"}],"curies":[{"name":"wp","href":"https:\/\/api.w.org\/{rel}","templated":true}]}}